{"id":204,"date":"2017-04-21T08:39:05","date_gmt":"2017-04-21T08:39:05","guid":{"rendered":"http:\/\/demo2.steelthemes.com\/factoryhub\/?page_id=204"},"modified":"2024-07-05T15:02:05","modified_gmt":"2024-07-05T15:02:05","slug":"sss","status":"publish","type":"page","link":"https:\/\/akaray.com.tr\/index.php\/sss\/","title":{"rendered":"SSS"},"content":{"rendered":"<div class=\"wpb-content-wrapper\"><p>[vc_row][vc_column][vc_column_text]<\/p>\n<h3 style=\"text-align: center;\">S\u0131k Sorulan Sorular<\/h3>\n<p>[\/vc_column_text][\/vc_column][\/vc_row][vc_row css=&#8221;.vc_custom_1490691942766{padding-top: 80px !important;padding-bottom: 80px !important;}&#8221;][vc_column width=&#8221;1\/2&#8243; css=&#8221;.vc_custom_1494315288011{padding-right: 65px !important;}&#8221; offset=&#8221;vc_col-lg-6 vc_col-md-6&#8243;][vc_tta_accordion c_icon=&#8221;&#8221; active_section=&#8221;2&#8243; el_class=&#8221;fh-accordion style-2&#8243;][vc_tta_section i_position=&#8221;right&#8221; i_icon_fontawesome=&#8221;&#8221; add_icon=&#8221;true&#8221; title=&#8221;Arazi toplula\u015ft\u0131rma nedir? Neden Yap\u0131l\u0131r?&#8221; tab_id=&#8221;1720189040710-b77c78c2-7a2a&#8221;][vc_column_text]\u00c7e\u015fitli nedenler ile ekonomik olarak tar\u0131msal faaliyetleri yapmaya imkan vermeyecek \u015fekilde par\u00e7alanm\u0131\u015f, da\u011f\u0131lm\u0131\u015f, bozuk \u015fekilli parsellerin modern tar\u0131m i\u015fletmecili\u011fi esaslar\u0131na g\u00f6re birle\u015ftirilmesi, m\u00fclkiyet sorunlar\u0131n\u0131n giderilmesi, \u00e7oklu parsellerin m\u00fcmk\u00fcnse tek parsel alt\u0131na toplanma i\u015flemleridir.[\/vc_column_text][\/vc_tta_section][vc_tta_section i_position=&#8221;right&#8221; i_icon_fontawesome=&#8221;&#8221; add_icon=&#8221;true&#8221; title=&#8221;Arazi toplula\u015ft\u0131rmas\u0131 hangi usullere g\u00f6re yap\u0131l\u0131r?&#8221; tab_id=&#8221;1720189040733-f155dae5-aa33&#8243;][vc_column_text]Arazi toplula\u015ft\u0131rmas\u0131 Tar\u0131m ve Orman Bakanl\u0131\u011f\u0131\u2019na ba\u011fl\u0131 olarak DS\u0130 Genel M\u00fcd\u00fcrl\u00fc\u011f\u00fc ve ilgili b\u00f6lge m\u00fcd\u00fcrl\u00fckleri ile y\u00fcr\u00fct\u00fclmektedir. 5403 ve 3083 say\u0131l\u0131 yasalar \u00e7er\u00e7evesinde ilgili planlamalar yap\u0131lmaktad\u0131r.[\/vc_column_text][\/vc_tta_section][vc_tta_section i_position=&#8221;right&#8221; i_icon_fontawesome=&#8221;&#8221; add_icon=&#8221;true&#8221; title=&#8221;Arazi Toplula\u015ft\u0131rma \u00e7al\u0131\u015fmalar\u0131n\u0131n vatanda\u015fa maliyeti nedir?&#8221; tab_id=&#8221;1720189040750-3f3f0e98-f74c&#8221;][vc_column_text]<\/p>\n<p style=\"margin-top: 0cm; vertical-align: baseline;\">Toplula\u015ft\u0131rma \u00e7al\u0131\u015fmalar\u0131 vatanda\u015fa mali bir k\u00fclfet getirmemektedir. T\u00fcm masraflar Devlet\u00e7e kar\u015f\u0131lanmaktad\u0131r.<\/p>\n<p>[\/vc_column_text][\/vc_tta_section][vc_tta_section i_position=&#8221;right&#8221; i_icon_fontawesome=&#8221;&#8221; add_icon=&#8221;true&#8221; title=&#8221;K\u0131ymetli arazilerin de\u011ferlendirilmesi ve de\u011fi\u015fimi nas\u0131l olacak?&#8221; tab_id=&#8221;1720189040770-06d46a37-1c19&#8243;][vc_column_text]Proje alan\u0131nda toprak analizleri yap\u0131lacak, ayr\u0131ca parsel baz\u0131nda arazi derecelendirmesi yap\u0131lacak, her parselin puan\u0131 belirlenecek ve de\u011fi\u015fimler bu puanlara g\u00f6re yap\u0131lacakt\u0131r.[\/vc_column_text][\/vc_tta_section][vc_tta_section i_position=&#8221;right&#8221; i_icon_fontawesome=&#8221;&#8221; add_icon=&#8221;true&#8221; title=&#8221;Neden sizin firman\u0131z\u0131 tercih etmeliyim?&#8221; tab_id=&#8221;1720189040793-81a33106-bfc3&#8243;][vc_column_text]<strong>Tecr\u00fcbeli ve uzman bir kadroya sahibiz.<\/strong> Alan\u0131nda uzman m\u00fchendisler, planlamac\u0131lar ve hukuk dan\u0131\u015fmanlar\u0131ndan olu\u015fan g\u00fc\u00e7l\u00fc bir ekibe sahibiz.[\/vc_column_text][\/vc_tta_section][vc_tta_section i_position=&#8221;right&#8221; i_icon_fontawesome=&#8221;&#8221; add_icon=&#8221;true&#8221; title=&#8221;Tek par\u00e7a arazim var ne olacak, elimden mi al\u0131nacak?&#8221; tab_id=&#8221;1720189040814-03f1a220-4dde&#8221;][vc_column_text]Her arazi malikinin proje sahas\u0131nda ne kadar k\u00fc\u00e7\u00fck parseli olursa olsun o kadar alan proje kapsam\u0131nda de\u011ferlendirilecektir.[\/vc_column_text][\/vc_tta_section][vc_tta_section i_position=&#8221;right&#8221; i_icon_fontawesome=&#8221;&#8221; add_icon=&#8221;true&#8221; title=&#8221;Sabit Tesisler (bah\u00e7e, ev, artezyen, ba\u011f vs.) toplula\u015ft\u0131rma \u00e7al\u0131\u015fmalar\u0131nda nas\u0131l de\u011ferlendirilir?&#8221; tab_id=&#8221;1720189040836-e6170d17-68eb&#8221;][vc_column_text]Sabit tesisler tutanakla belirlenerek yeni parselasyon planlamas\u0131nda dikkate al\u0131narak maliklere verilir. Ancak toplula\u015ft\u0131rma ilan\u0131ndan sonra yap\u0131lan sabit tesisler dikkate al\u0131nmaz.[\/vc_column_text][\/vc_tta_section][vc_tta_section title=&#8221;Arazi Toplula\u015ft\u0131rmas\u0131nda intikalleri yap\u0131lmam\u0131\u015f parseller kimin ad\u0131na tescil edilir?&#8221; tab_id=&#8221;1720191450311-4b2d2c72-b83b&#8221;][vc_column_text]Tapu kimin ad\u0131na ise toplula\u015ft\u0131rma sonucundaki yeni parseller o ki\u015fi ad\u0131na tescil edilir. Bu nedenle toplula\u015ft\u0131rma \u00f6ncesi veraseten intikallerin ilgili malikleri taraf\u0131ndan yap\u0131lmas\u0131 ve i\u015ftirak halinde m\u00fclkiyetlerin m\u00fc\u015fterek m\u00fclkiyetlere d\u00f6n\u00fc\u015ft\u00fcr\u00fclmesi gerekmektedir.[\/vc_column_text][\/vc_tta_section][\/vc_tta_accordion][\/vc_column][vc_column width=&#8221;1\/2&#8243;][vc_tta_accordion c_icon=&#8221;&#8221; active_section=&#8221;2&#8243; el_class=&#8221;fh-accordion style-2&#8243;][vc_tta_section i_position=&#8221;right&#8221; i_icon_fontawesome=&#8221;&#8221; add_icon=&#8221;true&#8221; title=&#8221;Arazi toplula\u015ft\u0131rman\u0131n faydalar\u0131 nelerdir?&#8221; tab_id=&#8221;1720189057516-c926a4d2-f49b&#8221;][vc_column_text]Tar\u0131msal arazileri i\u015flenebilir ve daha az maliyetli parsel \u015fekillerine d\u00f6n\u00fc\u015ft\u00fcrmek. Her parsele yol planlamas\u0131 yaparak \u00e7ift\u00e7ilere tar\u0131m arazilerine ula\u015f\u0131m\u0131n\u0131 sa\u011flamak, yolu olmayan parseller y\u00fcz\u00fcnden \u00e7ift\u00e7iler aras\u0131ndaki huzursuzluk ve problemlerin ortadan kalkmas\u0131.\u00a0Hisselilik durumunun iste\u011fe ba\u011fl\u0131 olarak ortadan kalkmas\u0131 ve dolay\u0131s\u0131yla yarg\u0131 y\u00fck\u00fcn\u00fcn ortadan kalmas\u0131d\u0131r.[\/vc_column_text][\/vc_tta_section][vc_tta_section i_position=&#8221;right&#8221; i_icon_fontawesome=&#8221;&#8221; add_icon=&#8221;true&#8221; title=&#8221;Arazi toplula\u015ft\u0131rma sonras\u0131 b\u00f6lge geli\u015fimi nas\u0131l ger\u00e7ekle\u015fmektedir ?&#8221; tab_id=&#8221;1720189057541-6c778a07-848f&#8221;][vc_column_text]Projenin uygulanm\u0131\u015f oldu\u011fu sahalarda araziler mali de\u011feri artmaktad\u0131r. Arazi toplula\u015ft\u0131rma projesinin tamamlanm\u0131\u015f oldu\u011fu sahalarda hem vatanda\u015f olarak, hem de devlet kurumlar\u0131 ad\u0131na daha yat\u0131r\u0131m yap\u0131labilir hale gelecek \u015fekilde planlamalar yap\u0131ld\u0131\u011f\u0131 i\u00e7in hibe ve te\u015fvik gibi ekonomik kazan\u00e7 sa\u011flayan tar\u0131msal istihdam olu\u015fturan yat\u0131r\u0131mlar artmaktad\u0131r[\/vc_column_text][\/vc_tta_section][vc_tta_section i_position=&#8221;right&#8221; i_icon_fontawesome=&#8221;&#8221; add_icon=&#8221;true&#8221; title=&#8221;Asfalt kenar\u0131ndaki parselim, de\u011fersiz ba\u015fka yere mi gidecek?&#8221; tab_id=&#8221;1720189057566-9887eea9-bb53&#8243;][vc_column_text]Toplula\u015ft\u0131rma \u00e7al\u0131\u015fmalar\u0131 s\u0131ras\u0131nda asfalt, yerle\u015fim yeri, dere, vb. \u00f6nem arz eden b\u00f6lgeler kendi i\u00e7inde de\u011ferlendirilir.[\/vc_column_text][\/vc_tta_section][vc_tta_section i_position=&#8221;right&#8221; i_icon_fontawesome=&#8221;&#8221; add_icon=&#8221;true&#8221; title=&#8221;Sulu nitelikteki arazi kuru nitelikteki bir yere mi gidecek?&#8221; tab_id=&#8221;1720189057591-cd9d3eaa-ff5f&#8221;][vc_column_text]Toplula\u015ft\u0131rma projesindeki sulu nitelikteki arazi ve kuru nitelikteki arazi ayr\u0131 ayr\u0131 de\u011ferlendirilir. M\u00fclakatlarda maliklerin isteklerine g\u00f6re istisnai durum uygulanabilir.[\/vc_column_text][\/vc_tta_section][vc_tta_section i_position=&#8221;right&#8221; i_icon_fontawesome=&#8221;&#8221; add_icon=&#8221;true&#8221; title=&#8221;Ekili arazilerimiz ne olacak? Projeden dolay\u0131 arazimiz bo\u015f kalacak m\u0131?&#8221; tab_id=&#8221;1720189057614-8f05adf2-f7fb&#8221;][vc_column_text]Proje kapsam\u0131nda, proje yap\u0131m a\u015famalar\u0131 m\u00fcmk\u00fcn oldu\u011funca tar\u0131msal faaliyete g\u00f6re planland\u0131\u011f\u0131ndan tar\u0131msal faaliyetlerde herhangi bir ma\u011fduriyet olmamaktad\u0131r.[\/vc_column_text][\/vc_tta_section][vc_tta_section i_position=&#8221;right&#8221; i_icon_fontawesome=&#8221;&#8221; add_icon=&#8221;true&#8221; title=&#8221;Tarla tapuda babam\u0131n \u00fczerine kay\u0131tl\u0131, kendi ad\u0131ma kay\u0131t edilecek mi?&#8221; tab_id=&#8221;1720189057640-f2272cab-27dd&#8221;][vc_column_text]Arazi toplula\u015ft\u0131rma \u00e7al\u0131\u015fmalar\u0131nda tapu kay\u0131tlar\u0131 esas al\u0131narak yap\u0131ld\u0131\u011f\u0131ndan, Tapu kimin ad\u0131na ise toplula\u015ft\u0131rma sonucundaki yeni parseller o ki\u015fi ad\u0131na tescil edilir. Tapu bilgilerinde herhangi bir de\u011fi\u015fiklik yap\u0131lmaz. (Sat\u0131\u015f, \u0130ntikal vb.)[\/vc_column_text][\/vc_tta_section][vc_tta_section i_position=&#8221;right&#8221; i_icon_fontawesome=&#8221;&#8221; add_icon=&#8221;true&#8221; title=&#8221;Hisseli parseller toplula\u015ft\u0131rma \u00e7al\u0131\u015fmalar\u0131nda nas\u0131l i\u015flem g\u00f6r\u00fcr?&#8221; tab_id=&#8221;1720189057665-ce53933b-0253&#8243;][vc_column_text]Hisseli parseller maliklerin iste\u011fi do\u011frultusunda hisseleri oran\u0131nda ayr\u0131larak m\u00fcstakil parseller yap\u0131labilir. Tapu kimin ad\u0131na ise toplula\u015ft\u0131rma sonucundaki yeni parseller o ki\u015fi ad\u0131na tescil edilir.[\/vc_column_text][\/vc_tta_section][\/vc_tta_accordion][\/vc_column][\/vc_row][vc_row disable_element=&#8221;yes&#8221; css=&#8221;.vc_custom_1720191446185{padding-top: 80px !important;padding-bottom: 80px !important;}&#8221;][vc_column css=&#8221;.vc_custom_1494315288011{padding-right: 65px !important;}&#8221; offset=&#8221;vc_col-lg-6 vc_col-md-6&#8243;][vc_tta_accordion c_icon=&#8221;&#8221; active_section=&#8221;2&#8243; el_class=&#8221;fh-accordion style-2&#8243;][vc_tta_section i_position=&#8221;right&#8221; i_icon_fontawesome=&#8221;&#8221; add_icon=&#8221;true&#8221; title=&#8221;Neden sizin firman\u0131z\u0131 tercih etmeliyim?&#8221; tab_id=&#8221;1493884261142-21479614-22d5&#8243;][vc_column_text]<strong>Tecr\u00fcbeli ve uzman bir kadroya sahibiz.<\/strong> Alan\u0131nda uzman m\u00fchendisler, planlamac\u0131lar ve hukuk dan\u0131\u015fmanlar\u0131ndan olu\u015fan g\u00fc\u00e7l\u00fc bir ekibe sahibiz.[\/vc_column_text][\/vc_tta_section][vc_tta_section i_position=&#8221;right&#8221; i_icon_fontawesome=&#8221;fa fa-angle-right&#8221; add_icon=&#8221;true&#8221; title=&#8221;Do you give any offer for premium customer?&#8221; tab_id=&#8221;1493884261153-541c9f1a-169b&#8221;][vc_column_text]The master-builder of human happiness. No one rejects, dislikes, or avoids pleasure itself, because it is pleasure, but because seds those who do not know how to pursue pleasure.[\/vc_column_text][\/vc_tta_section][vc_tta_section i_position=&#8221;right&#8221; i_icon_fontawesome=&#8221;fa fa-angle-right&#8221; add_icon=&#8221;true&#8221; title=&#8221;What makes you special from others?&#8221; tab_id=&#8221;1493884478788-54189b8a-363a&#8221;][vc_column_text]The master-builder of human happiness. No one rejects, dislikes, or avoids pleasure itself, because it is pleasure, but because seds those who do not know how to pursue pleasure.[\/vc_column_text][\/vc_tta_section][vc_tta_section i_position=&#8221;right&#8221; i_icon_fontawesome=&#8221;fa fa-angle-right&#8221; add_icon=&#8221;true&#8221; title=&#8221;Why Would a Successful Entrepreneur Hire a Coach?&#8221; tab_id=&#8221;1493884480329-ceb1d327-0a1e&#8221;][vc_column_text]The master-builder of human happiness. No one rejects, dislikes, or avoids pleasure itself, because it is pleasure, but because seds those who do not know how to pursue pleasure.[\/vc_column_text][\/vc_tta_section][vc_tta_section i_position=&#8221;right&#8221; i_icon_fontawesome=&#8221;fa fa-angle-right&#8221; add_icon=&#8221;true&#8221; title=&#8221;What makes your financial projects special?&#8221; tab_id=&#8221;1493884487030-8a8a68df-393e&#8221;][vc_column_text]The master-builder of human happiness. No one rejects, dislikes, or avoids pleasure itself, because it is pleasure, but because seds those who do not know how to pursue pleasure.[\/vc_column_text][\/vc_tta_section][vc_tta_section i_position=&#8221;right&#8221; i_icon_fontawesome=&#8221;fa fa-angle-right&#8221; add_icon=&#8221;true&#8221; title=&#8221;How long will take us to raise capital?&#8221; tab_id=&#8221;1493884487715-9e403805-1372&#8243;][vc_column_text]The master-builder of human happiness. No one rejects, dislikes, or avoids pleasure itself, because it is pleasure, but because seds those who do not know how to pursue pleasure.[\/vc_column_text][\/vc_tta_section][vc_tta_section i_position=&#8221;right&#8221; i_icon_fontawesome=&#8221;fa fa-angle-right&#8221; add_icon=&#8221;true&#8221; title=&#8221;Can I offer my items for free on a promotional basis?&#8221; tab_id=&#8221;1493884488272-3e347429-499a&#8221;][vc_column_text]The master-builder of human happiness. No one rejects, dislikes, or avoids pleasure itself, because it is pleasure, but because seds those who do not know how to pursue pleasure.[\/vc_column_text][\/vc_tta_section][vc_tta_section i_position=&#8221;right&#8221; i_icon_fontawesome=&#8221;fa fa-angle-right&#8221; add_icon=&#8221;true&#8221; title=&#8221;How to buy full package of business hub?&#8221; tab_id=&#8221;1493884488859-192e07b1-3529&#8243;][vc_column_text]The master-builder of human happiness. No one rejects, dislikes, or avoids pleasure itself, because it is pleasure, but because seds those who do not know how to pursue pleasure.[\/vc_column_text][\/vc_tta_section][\/vc_tta_accordion][\/vc_column][vc_column css=&#8221;.vc_custom_1494315295251{padding-left: 65px !important;}&#8221; offset=&#8221;vc_col-lg-6 vc_col-md-6&#8243;][vc_column_text css=&#8221;.vc_custom_1719053701527{padding-bottom: 25px !important;}&#8221;]<\/p>\n<h3 style=\"font-size: 30px; font-weight: 400; color: #222; font-family: 'Open Sans', sans-serif; margin-top: 0;\">Bize Ula\u015f\u0131n<\/h3>\n<p>[\/vc_column_text]\n<div class=\"wpcf7 no-js\" id=\"wpcf7-f66-o1\" lang=\"en-US\" dir=\"ltr\" data-wpcf7-id=\"66\">\n<div class=\"screen-reader-response\"><p role=\"status\" aria-live=\"polite\" aria-atomic=\"true\"><\/p> <ul><\/ul><\/div>\n<form action=\"\/index.php\/wp-json\/wp\/v2\/pages\/204#wpcf7-f66-o1\" method=\"post\" class=\"wpcf7-form init\" aria-label=\"Contact form\" novalidate=\"novalidate\" data-status=\"init\">\n<fieldset class=\"hidden-fields-container\"><input type=\"hidden\" name=\"_wpcf7\" value=\"66\" \/><input type=\"hidden\" name=\"_wpcf7_version\" value=\"6.1.5\" \/><input type=\"hidden\" name=\"_wpcf7_locale\" value=\"en_US\" \/><input type=\"hidden\" name=\"_wpcf7_unit_tag\" value=\"wpcf7-f66-o1\" \/><input type=\"hidden\" name=\"_wpcf7_container_post\" value=\"0\" \/><input type=\"hidden\" name=\"_wpcf7_posted_data_hash\" value=\"\" \/>\n<\/fieldset>\n<div class=\"fh-form fh-form-3\">\n\t<p class=\"field single-field\"><span class=\"wpcf7-form-control-wrap\" data-name=\"your-name\"><input size=\"40\" maxlength=\"400\" class=\"wpcf7-form-control wpcf7-text wpcf7-validates-as-required\" aria-required=\"true\" aria-invalid=\"false\" placeholder=\"Ad Soyad*\" value=\"\" type=\"text\" name=\"your-name\" \/><\/span>\n\t<\/p>\n\t<p class=\"field single-field\"><span class=\"wpcf7-form-control-wrap\" data-name=\"your-email\"><input size=\"40\" maxlength=\"400\" class=\"wpcf7-form-control wpcf7-email wpcf7-validates-as-required wpcf7-text wpcf7-validates-as-email\" aria-required=\"true\" aria-invalid=\"false\" placeholder=\"Email*\" value=\"\" type=\"email\" name=\"your-email\" \/><\/span>\n\t<\/p>\n\t<p class=\"field single-field\"><span class=\"wpcf7-form-control-wrap\" data-name=\"subject\"><input size=\"40\" maxlength=\"400\" class=\"wpcf7-form-control wpcf7-text\" aria-invalid=\"false\" placeholder=\"Konu\" value=\"\" type=\"text\" name=\"subject\" \/><\/span>\n\t<\/p>\n\t<p class=\"field single-field\"><span class=\"wpcf7-form-control-wrap\" data-name=\"your-message\"><textarea cols=\"40\" rows=\"10\" maxlength=\"2000\" class=\"wpcf7-form-control wpcf7-textarea\" aria-invalid=\"false\" placeholder=\"Mesaj\u0131n\u0131z\u0131 yaz\u0131n\u0131z...\" name=\"your-message\"><\/textarea><\/span>\n\t<\/p>\n\t<p class=\"field submit\"><input class=\"wpcf7-form-control wpcf7-submit has-spinner fh-btn\" type=\"submit\" value=\"G\u00f6nder\" \/>\n\t<\/p>\n<\/div><div class=\"wpcf7-response-output\" aria-hidden=\"true\"><\/div>\n<\/form>\n<\/div>\n[\/vc_column][\/vc_row]<\/p>\n<\/div>","protected":false},"excerpt":{"rendered":"<p>[vc_row][vc_column][vc_column_text] S\u0131k Sorulan Sorular [\/vc_column_text][\/vc_column][\/vc_row][vc_row css=&#8221;.vc_custom_1490691942766{padding-top: 80px !important;padding-bottom: 80px !important;}&#8221;][vc_column width=&#8221;1\/2&#8243; css=&#8221;.vc_custom_1494315288011{padding-right: 65px !important;}&#8221; offset=&#8221;vc_col-lg-6 vc_col-md-6&#8243;][vc_tta_accordion c_icon=&#8221;&#8221; active_section=&#8221;2&#8243; el_class=&#8221;fh-accordion style-2&#8243;][vc_tta_section&hellip;<\/p>\n","protected":false},"author":3,"featured_media":0,"parent":0,"menu_order":0,"comment_status":"closed","ping_status":"closed","template":"template-fullwidth.php","meta":{"footnotes":""},"class_list":["post-204","page","type-page","status-publish","hentry","no-thumb"],"_links":{"self":[{"href":"https:\/\/akaray.com.tr\/index.php\/wp-json\/wp\/v2\/pages\/204","targetHints":{"allow":["GET"]}}],"collection":[{"href":"https:\/\/akaray.com.tr\/index.php\/wp-json\/wp\/v2\/pages"}],"about":[{"href":"https:\/\/akaray.com.tr\/index.php\/wp-json\/wp\/v2\/types\/page"}],"author":[{"embeddable":true,"href":"https:\/\/akaray.com.tr\/index.php\/wp-json\/wp\/v2\/users\/3"}],"replies":[{"embeddable":true,"href":"https:\/\/akaray.com.tr\/index.php\/wp-json\/wp\/v2\/comments?post=204"}],"version-history":[{"count":9,"href":"https:\/\/akaray.com.tr\/index.php\/wp-json\/wp\/v2\/pages\/204\/revisions"}],"predecessor-version":[{"id":3061,"href":"https:\/\/akaray.com.tr\/index.php\/wp-json\/wp\/v2\/pages\/204\/revisions\/3061"}],"wp:attachment":[{"href":"https:\/\/akaray.com.tr\/index.php\/wp-json\/wp\/v2\/media?parent=204"}],"curies":[{"name":"wp","href":"https:\/\/api.w.org\/{rel}","templated":true}]}}