{"id":196,"date":"2017-04-21T08:21:55","date_gmt":"2017-04-21T08:21:55","guid":{"rendered":"http:\/\/demo2.steelthemes.com\/factoryhub\/?page_id=196"},"modified":"2024-07-04T07:33:36","modified_gmt":"2024-07-04T07:33:36","slug":"hakkimizda","status":"publish","type":"page","link":"https:\/\/akaray.com.tr\/index.php\/hakkimizda\/","title":{"rendered":"Hakk\u0131m\u0131zda"},"content":{"rendered":"<div class=\"wpb-content-wrapper\"><p>[vc_row css=&#8221;.vc_custom_1490586960070{padding-top: 80px !important;padding-bottom: 70px !important;}&#8221;][vc_column][vc_column_text css=&#8221;.vc_custom_1718291395373{padding-bottom: 30px !important;}&#8221;]<\/p>\n<h2 style=\"font-size: 30px; font-weight: 600; color: #222; font-family: 'Open Sans', sans-serif; margin-top: 0; margin-bottom: 10px;\">Arazi Toplula\u015ft\u0131rmas\u0131 ve Tarla \u0130\u00e7i Geli\u015ftirme<\/h2>\n<p>B\u00f6lgesel tar\u0131msal faaliyetleri destekleyen ve geli\u015ftiren bir m\u00fchendislik firmas\u0131 olarak, su kaynaklar\u0131n\u0131 en etkin \u015fekilde kullanarak s\u00fcrd\u00fcr\u00fclebilir tar\u0131m uygulamalar\u0131 sa\u011fl\u0131yoruz.<\/p>\n<p>Projelerimiz, b\u00f6lgedeki tar\u0131msal verimlili\u011fi art\u0131rmak i\u00e7in topra\u011f\u0131n d\u00fczenli kullan\u0131m\u0131n\u0131 ve y\u00f6netimini ama\u00e7lamaktad\u0131r.<\/p>\n<p>Arazi toplula\u015ft\u0131rma ve tarla i\u00e7i geli\u015ftirme hizmetleriyle, \u00e7ift\u00e7ilere modern tar\u0131m teknikleri ve y\u00f6ntemleri konusunda destek sunuyoruz.<\/p>\n<p>Uzman ekibimiz, yerel ko\u015fullar\u0131 dikkate alarak \u00f6zelle\u015ftirilmi\u015f \u00e7\u00f6z\u00fcmler \u00fcretir ve uygular.<\/p>\n<p>Tar\u0131msal alanlarda su kaynaklar\u0131n\u0131n etkin kullan\u0131m\u0131n\u0131 sa\u011flayarak su tasarrufunu ve verimlili\u011fi art\u0131rmak i\u00e7in projeler geli\u015ftiriyoruz.<\/p>\n<p>Do\u011fa ve \u00e7evre bilincini g\u00f6zeterek, s\u00fcrd\u00fcr\u00fclebilir tar\u0131m uygulamalar\u0131n\u0131 te\u015fvik ediyoruz.<\/p>\n<p>\u00c7ift\u00e7ilerin gelir d\u00fczeyini ve ya\u015fam kalitesini art\u0131rmay\u0131 hedefleyen projelerimizle b\u00f6lge ekonomisine katk\u0131da bulunuyoruz.<\/p>\n<p>Modern tar\u0131m teknolojilerini kullanarak, tar\u0131m alanlar\u0131nda \u00fcretkenli\u011fi ve kaliteyi art\u0131rmak i\u00e7in s\u00fcrekli olarak Ar-Ge \u00e7al\u0131\u015fmalar\u0131 yap\u0131yoruz.<\/p>\n<p>M\u00fc\u015fterilerimize uzman dan\u0131\u015fmanl\u0131k hizmetleri sunarak, onlar\u0131n ihtiya\u00e7lar\u0131na uygun \u00e7\u00f6z\u00fcmler \u00fcretiyoruz.<\/p>\n<p>Amac\u0131m\u0131z, tar\u0131m sekt\u00f6r\u00fcnde s\u00fcrd\u00fcr\u00fclebilir bir gelecek i\u00e7in b\u00f6lgesel kalk\u0131nmaya katk\u0131 sa\u011flamak ve \u00e7ift\u00e7ilerin rekabet g\u00fcc\u00fcn\u00fc art\u0131rmakt\u0131r.[\/vc_column_text][vc_btn title=&#8221;Teklif Al&#8221; style=&#8221;custom&#8221; custom_background=&#8221;&#8221; custom_text=&#8221;#222222&#8243; i_align=&#8221;right&#8221; i_icon_fontawesome=&#8221;&#8221; add_icon=&#8221;true&#8221; link=&#8221;url:https%3A%2F%2Fakaray.com.tr%2Findex.php%2Filetisim%2F|title:Teklif%20Al&#8221; el_class=&#8221;fh-button&#8221;][\/vc_column][vc_column][\/vc_column][vc_column][\/vc_column][\/vc_row][vc_row][vc_column][vc_separator color=&#8221;custom&#8221; accent_color=&#8221;#f4f4f4&#8243;][\/vc_column][\/vc_row][vc_row css=&#8221;.vc_custom_1490597759156{padding-top: 65px !important;padding-bottom: 45px !important;}&#8221;][vc_column width=&#8221;1\/3&#8243;]<div class=\" fh-icon-box-2 dark-version icon-center\" style=\"background-image: url()\"> <span class=\"fh-icon\"><i class=\"factory-mechanic\"><\/i><\/span> <h4>51 Y\u0131ll\u0131k Tecr\u00fcbe<\/h4> <div class=\"sub-title\">M\u00fchendislik<\/div><div class=\"desc\"><p>\u00c7ift\u00e7ilerimize, arazi sahiplerine ve yerel y\u00f6netimlere \u00f6zel \u00e7\u00f6z\u00fcmler<\/p>\n<\/div><\/div><div class=\" fh-icon-box-2 dark-version icon-center\" style=\"background-image: url()\"> <span class=\"fh-icon\"><i class=\"factory-tool\"><\/i><\/span> <h4>Uzman Kadro<\/h4> <div class=\"sub-title\">Profesyonellik<\/div><div class=\"desc\"><p>Alan\u0131nda uzman m\u00fchendisler, planlamac\u0131lar ve hukuk dan\u0131\u015fmanlar\u0131ndan olu\u015fan g\u00fc\u00e7l\u00fc bir ekibe sahibiz.<\/p>\n<\/div><\/div>[\/vc_column][vc_column width=&#8221;1\/3&#8243;]<div class=\" fh-icon-box-2 dark-version icon-center\" style=\"background-image: url()\"> <span class=\"fh-icon\"><i class=\"flaticon-drawing\"><\/i><\/span> <h4>G\u00fcvenilir Firma<\/h4> <div class=\"sub-title\">Tak\u0131m \u00c7al\u0131\u015fmas\u0131<\/div><div class=\"desc\"><p>Arazi toplula\u015ft\u0131rma projelerinde uzmanla\u015fm\u0131\u015f lider bir kurulu\u015f.<\/p>\n<\/div><\/div><div class=\" fh-icon-box-2 dark-version icon-center\" style=\"background-image: url()\"> <span class=\"fh-icon\"><i class=\"flaticon-box\"><\/i><\/span> <h4>Yenilik\u00e7i Yakla\u015f\u0131m<\/h4> <div class=\"sub-title\">En Yeni Y\u00f6ntemler<\/div><div class=\"desc\"><p>En son teknolojileri ve modern y\u00f6ntemleri kullanarak projelerimizi ger\u00e7ekle\u015ftiriyoruz.<\/p>\n<\/div><\/div>[\/vc_column][vc_column width=&#8221;1\/3&#8243;]<div class=\" fh-icon-box-2 dark-version icon-center\" style=\"background-image: url()\"> <span class=\"fh-icon\"><i class=\"flaticon-pencil\"><\/i><\/span> <h4>Yarat\u0131c\u0131 \u00c7\u00f6z\u00fcmler<\/h4> <div class=\"sub-title\">\u00c7\u00f6z\u00fcm Odakl\u0131<\/div><div class=\"desc\"><p>Arazi toplula\u015ft\u0131rma s\u00fcre\u00e7lerinin en verimli \u015fekilde y\u00f6netimi<\/p>\n<\/div><\/div><div class=\" fh-icon-box-2 dark-version icon-center\" style=\"background-image: url()\"> <span class=\"fh-icon\"><i class=\"factory-mechanic\"><\/i><\/span> <h4>M\u00fc\u015fteri Memnuniyeti<\/h4> <div class=\"sub-title\">M\u00fc\u015fteri Odakl\u0131l\u0131k<\/div><div class=\"desc\"><p>M\u00fc\u015fteri odakl\u0131 \u00e7al\u0131\u015farak, ihtiya\u00e7 ve beklentileri en \u00fcst d\u00fczeyde kar\u015f\u0131l\u0131yoruz.<\/p>\n<\/div><\/div>[\/vc_column][\/vc_row][vc_row full_width=&#8221;stretch_row_content&#8221; disable_element=&#8221;yes&#8221; css=&#8221;.vc_custom_1719935111283{margin-bottom: 65px !important;}&#8221;][vc_column width=&#8221;1\/4&#8243; css=&#8221;.vc_custom_1490600040377{padding-right: 0px !important;padding-left: 0px !important;}&#8221;]<div class=\" fh-icon-box-3 dark-version icon-center\" style=\"background-image: url()\"><div class=\"overlay\" style=\"background-color:#04192b\"><\/div> <span class=\"fh-icon\"><i class=\"factory-check\"><\/i><\/span> <h4>40 Years Experince<\/h4><div class=\"desc\"><p>Denouncing pleasure and praising pain was born and will give you a complete account teachings<\/p>\n<\/div><\/div>[\/vc_column][vc_column width=&#8221;1\/4&#8243; css=&#8221;.vc_custom_1490600047760{padding-right: 0px !important;padding-left: 0px !important;}&#8221;]<div class=\" fh-icon-box-3 dark-version icon-center\" style=\"background-image: url()\"><div class=\"overlay\" style=\"background-color:#071f34\"><\/div> <span class=\"fh-icon\"><i class=\"factory-check\"><\/i><\/span> <h4>Certified Company<\/h4><div class=\"desc\"><p>Great explorer of the truth, the master-builder of human happiness one rejects, dislikes pleasure itself.<\/p>\n<\/div><\/div>[\/vc_column][vc_column width=&#8221;1\/4&#8243; css=&#8221;.vc_custom_1490600053287{padding-right: 0px !important;padding-left: 0px !important;}&#8221;]<div class=\" fh-icon-box-3 dark-version icon-center\" style=\"background-image: url()\"><div class=\"overlay\" style=\"background-color:#04192b\"><\/div> <span class=\"fh-icon\"><i class=\"factory-check\"><\/i><\/span> <h4>#1 Supplier in Region<\/h4><div class=\"desc\"><p>Those who do not know how to pursue pleasure rationally encounter consequences that are extremely.<\/p>\n<\/div><\/div>[\/vc_column][vc_column width=&#8221;1\/4&#8243; css=&#8221;.vc_custom_1490600058680{padding-right: 0px !important;padding-left: 0px !important;}&#8221;]<div class=\" fh-icon-box-3 dark-version icon-center\" style=\"background-image: url()\"><div class=\"overlay\" style=\"background-color:#071f34\"><\/div> <span class=\"fh-icon\"><i class=\"factory-check\"><\/i><\/span> <h4>Best in the Market<\/h4><div class=\"desc\"><p>Desires to obtain pain of itself, because it is pain, but because occasionally circumstances.<\/p>\n<\/div><\/div>[\/vc_column][\/vc_row][vc_row disable_element=&#8221;yes&#8221; css=&#8221;.vc_custom_1718291426138{padding-bottom: 20px !important;}&#8221;][vc_column]<div class=\"fh-section-title clearfix  text-center style-1\">\n                <h2>Meet Our Team<\/h2>\n            <\/div>[vc_row_inner css=&#8221;.vc_custom_1490588863772{padding-top: 50px !important;}&#8221;][vc_column_inner width=&#8221;1\/4&#8243;]<div class=\"fh-team  style-1\">\n\t\t\t\t<div class=\"team-member\">\n\t\t\t\t\t<div class=\"overlay\" style=\"background-color:rgba(4,25,43,0.77)\"><\/div>\n\t\t\t\t\t<img decoding=\"async\" class=\"\" src=\"https:\/\/akaray.com.tr\/wp-content\/uploads\/2017\/04\/team1-270x240.jpg\" width=\"270\" height=\"240\" alt=\"team1\" title=\"team1\" loading=\"lazy\" \/>\n\t\t\t\t<\/div>\n\t\t\t\t<div class=\"info\">\n\t\t\t\t\t<h4 class=\"name\">David Vigo Michel<\/h4>\n\t\t\t\t\t<span class=\"job\">Founder &amp; CEO<\/span>\n\t\t\t\t\t<p>When our power of choices is untram melled ut and when nothing.<\/p>\n\t\t\t\t<\/div>\n\t\t\t\t<div class=\"socials\">\n\t\t\t\t\t\t<ul class=\"list-social clearfix\">\n\t\t\t\t\t\t\t<li class=\"facebook\">\n\t\t\t\t\t<a href=\"#\" target=\"_blank\">\n\t\t\t\t\t\t<i class=\"fa fa-facebook\"><\/i>\n\t\t\t\t\t<\/a>\n\t\t\t\t<\/li><li class=\"twitter\">\n\t\t\t\t\t<a href=\"#\" target=\"_blank\">\n\t\t\t\t\t\t<i class=\"fa fa-twitter\"><\/i>\n\t\t\t\t\t<\/a>\n\t\t\t\t<\/li><li class=\"pinterest\">\n\t\t\t\t\t<a href=\"#\" target=\"_blank\">\n\t\t\t\t\t\t<i class=\"fa fa-pinterest\"><\/i>\n\t\t\t\t\t<\/a>\n\t\t\t\t<\/li><li class=\"linkedin\">\n\t\t\t\t\t<a href=\"#\" target=\"_blank\">\n\t\t\t\t\t\t<i class=\"fa fa-linkedin\"><\/i>\n\t\t\t\t\t<\/a>\n\t\t\t\t<\/li>\n\t\t\t\t\t\t<\/ul>\n\t\t\t\t\t<\/div>\n\t\t\t<\/div>[\/vc_column_inner][vc_column_inner width=&#8221;1\/4&#8243;]<div class=\"fh-team  style-1\">\n\t\t\t\t<div class=\"team-member\">\n\t\t\t\t\t<div class=\"overlay\" style=\"background-color:rgba(4,25,43,0.77)\"><\/div>\n\t\t\t\t\t<img decoding=\"async\" class=\"\" src=\"https:\/\/akaray.com.tr\/wp-content\/uploads\/2017\/04\/team5-270x240.jpg\" width=\"270\" height=\"240\" alt=\"team5\" title=\"team5\" loading=\"lazy\" \/>\n\t\t\t\t<\/div>\n\t\t\t\t<div class=\"info\">\n\t\t\t\t\t<h4 class=\"name\">Rebecca Garza<\/h4>\n\t\t\t\t\t<span class=\"job\">Customer Relation<\/span>\n\t\t\t\t\t<p>Power of choices is untrams melled ut and when nothing great explorer.<\/p>\n\t\t\t\t<\/div>\n\t\t\t\t<div class=\"socials\">\n\t\t\t\t\t\t<ul class=\"list-social clearfix\">\n\t\t\t\t\t\t\t<li class=\"facebook\">\n\t\t\t\t\t<a href=\"#\" target=\"_blank\">\n\t\t\t\t\t\t<i class=\"fa fa-facebook\"><\/i>\n\t\t\t\t\t<\/a>\n\t\t\t\t<\/li><li class=\"twitter\">\n\t\t\t\t\t<a href=\"#\" target=\"_blank\">\n\t\t\t\t\t\t<i class=\"fa fa-twitter\"><\/i>\n\t\t\t\t\t<\/a>\n\t\t\t\t<\/li><li class=\"pinterest\">\n\t\t\t\t\t<a href=\"#\" target=\"_blank\">\n\t\t\t\t\t\t<i class=\"fa fa-pinterest\"><\/i>\n\t\t\t\t\t<\/a>\n\t\t\t\t<\/li><li class=\"linkedin\">\n\t\t\t\t\t<a href=\"#\" target=\"_blank\">\n\t\t\t\t\t\t<i class=\"fa fa-linkedin\"><\/i>\n\t\t\t\t\t<\/a>\n\t\t\t\t<\/li>\n\t\t\t\t\t\t<\/ul>\n\t\t\t\t\t<\/div>\n\t\t\t<\/div>[\/vc_column_inner][vc_column_inner width=&#8221;1\/4&#8243;]<div class=\"fh-team  style-1\">\n\t\t\t\t<div class=\"team-member\">\n\t\t\t\t\t<div class=\"overlay\" style=\"background-color:rgba(4,25,43,0.77)\"><\/div>\n\t\t\t\t\t<img decoding=\"async\" class=\"\" src=\"https:\/\/akaray.com.tr\/wp-content\/uploads\/2017\/04\/team3-270x240.jpg\" width=\"270\" height=\"240\" alt=\"team3\" title=\"team3\" loading=\"lazy\" \/>\n\t\t\t\t<\/div>\n\t\t\t\t<div class=\"info\">\n\t\t\t\t\t<h4 class=\"name\">Stepthen Adams<\/h4>\n\t\t\t\t\t<span class=\"job\">Chief Engineer<\/span>\n\t\t\t\t\t<p>Certain circumstances us and owings claims of duty the obligations.<\/p>\n\t\t\t\t<\/div>\n\t\t\t\t<div class=\"socials\">\n\t\t\t\t\t\t<ul class=\"list-social clearfix\">\n\t\t\t\t\t\t\t<li class=\"facebook\">\n\t\t\t\t\t<a href=\"#\" target=\"_blank\">\n\t\t\t\t\t\t<i class=\"fa fa-facebook\"><\/i>\n\t\t\t\t\t<\/a>\n\t\t\t\t<\/li><li class=\"twitter\">\n\t\t\t\t\t<a href=\"#\" target=\"_blank\">\n\t\t\t\t\t\t<i class=\"fa fa-twitter\"><\/i>\n\t\t\t\t\t<\/a>\n\t\t\t\t<\/li><li class=\"pinterest\">\n\t\t\t\t\t<a href=\"#\" target=\"_blank\">\n\t\t\t\t\t\t<i class=\"fa fa-pinterest\"><\/i>\n\t\t\t\t\t<\/a>\n\t\t\t\t<\/li><li class=\"linkedin\">\n\t\t\t\t\t<a href=\"#\" target=\"_blank\">\n\t\t\t\t\t\t<i class=\"fa fa-linkedin\"><\/i>\n\t\t\t\t\t<\/a>\n\t\t\t\t<\/li>\n\t\t\t\t\t\t<\/ul>\n\t\t\t\t\t<\/div>\n\t\t\t<\/div>[\/vc_column_inner][vc_column_inner width=&#8221;1\/4&#8243;]<div class=\"fh-team  style-1\">\n\t\t\t\t<div class=\"team-member\">\n\t\t\t\t\t<div class=\"overlay\" style=\"background-color:rgba(4,25,43,0.77)\"><\/div>\n\t\t\t\t\t<img decoding=\"async\" class=\"\" src=\"https:\/\/akaray.com.tr\/wp-content\/uploads\/2017\/04\/team2-270x240.jpg\" width=\"270\" height=\"240\" alt=\"team2\" title=\"team2\" loading=\"lazy\" \/>\n\t\t\t\t<\/div>\n\t\t\t\t<div class=\"info\">\n\t\t\t\t\t<h4 class=\"name\">Jacob Serina<\/h4>\n\t\t\t\t\t<span class=\"job\">Chemical Research<\/span>\n\t\t\t\t\t<p>Duty the obligations of business it our frequently there anyone.<\/p>\n\t\t\t\t<\/div>\n\t\t\t\t<div class=\"socials\">\n\t\t\t\t\t\t<ul class=\"list-social clearfix\">\n\t\t\t\t\t\t\t<li class=\"facebook\">\n\t\t\t\t\t<a href=\"#\" target=\"_blank\">\n\t\t\t\t\t\t<i class=\"fa fa-facebook\"><\/i>\n\t\t\t\t\t<\/a>\n\t\t\t\t<\/li><li class=\"twitter\">\n\t\t\t\t\t<a href=\"#\" target=\"_blank\">\n\t\t\t\t\t\t<i class=\"fa fa-twitter\"><\/i>\n\t\t\t\t\t<\/a>\n\t\t\t\t<\/li><li class=\"pinterest\">\n\t\t\t\t\t<a href=\"#\" target=\"_blank\">\n\t\t\t\t\t\t<i class=\"fa fa-pinterest\"><\/i>\n\t\t\t\t\t<\/a>\n\t\t\t\t<\/li><li class=\"linkedin\">\n\t\t\t\t\t<a href=\"#\" target=\"_blank\">\n\t\t\t\t\t\t<i class=\"fa fa-linkedin\"><\/i>\n\t\t\t\t\t<\/a>\n\t\t\t\t<\/li>\n\t\t\t\t\t\t<\/ul>\n\t\t\t\t\t<\/div>\n\t\t\t<\/div>[\/vc_column_inner][\/vc_row_inner][vc_row_inner][vc_column_inner width=&#8221;1\/4&#8243;]<div class=\"fh-team  style-1\">\n\t\t\t\t<div class=\"team-member\">\n\t\t\t\t\t<div class=\"overlay\" style=\"background-color:rgba(4,25,43,0.77)\"><\/div>\n\t\t\t\t\t<img decoding=\"async\" class=\"\" src=\"https:\/\/akaray.com.tr\/wp-content\/uploads\/2017\/04\/team3-270x240.jpg\" width=\"270\" height=\"240\" alt=\"team3\" title=\"team3\" loading=\"lazy\" \/>\n\t\t\t\t<\/div>\n\t\t\t\t<div class=\"info\">\n\t\t\t\t\t<h4 class=\"name\">Stepthen Adams<\/h4>\n\t\t\t\t\t<span class=\"job\">Chief Engineer<\/span>\n\t\t\t\t\t<p>Certain circumstances us and owings claims of duty the obligations.<\/p>\n\t\t\t\t<\/div>\n\t\t\t\t<div class=\"socials\">\n\t\t\t\t\t\t<ul class=\"list-social clearfix\">\n\t\t\t\t\t\t\t<li class=\"facebook\">\n\t\t\t\t\t<a href=\"#\" target=\"_blank\">\n\t\t\t\t\t\t<i class=\"fa fa-facebook\"><\/i>\n\t\t\t\t\t<\/a>\n\t\t\t\t<\/li><li class=\"twitter\">\n\t\t\t\t\t<a href=\"#\" target=\"_blank\">\n\t\t\t\t\t\t<i class=\"fa fa-twitter\"><\/i>\n\t\t\t\t\t<\/a>\n\t\t\t\t<\/li><li class=\"pinterest\">\n\t\t\t\t\t<a href=\"#\" target=\"_blank\">\n\t\t\t\t\t\t<i class=\"fa fa-pinterest\"><\/i>\n\t\t\t\t\t<\/a>\n\t\t\t\t<\/li><li class=\"linkedin\">\n\t\t\t\t\t<a href=\"#\" target=\"_blank\">\n\t\t\t\t\t\t<i class=\"fa fa-linkedin\"><\/i>\n\t\t\t\t\t<\/a>\n\t\t\t\t<\/li>\n\t\t\t\t\t\t<\/ul>\n\t\t\t\t\t<\/div>\n\t\t\t<\/div>[\/vc_column_inner][vc_column_inner width=&#8221;1\/4&#8243;]<div class=\"fh-team  style-1\">\n\t\t\t\t<div class=\"team-member\">\n\t\t\t\t\t<div class=\"overlay\" style=\"background-color:rgba(4,25,43,0.77)\"><\/div>\n\t\t\t\t\t<img decoding=\"async\" class=\"\" src=\"https:\/\/akaray.com.tr\/wp-content\/uploads\/2017\/04\/team1-270x240.jpg\" width=\"270\" height=\"240\" alt=\"team1\" title=\"team1\" loading=\"lazy\" \/>\n\t\t\t\t<\/div>\n\t\t\t\t<div class=\"info\">\n\t\t\t\t\t<h4 class=\"name\">David Vigo Michel<\/h4>\n\t\t\t\t\t<span class=\"job\">Founder &amp; CEO<\/span>\n\t\t\t\t\t<p>When our power of choices is untram melled ut and when nothing.<\/p>\n\t\t\t\t<\/div>\n\t\t\t\t<div class=\"socials\">\n\t\t\t\t\t\t<ul class=\"list-social clearfix\">\n\t\t\t\t\t\t\t<li class=\"facebook\">\n\t\t\t\t\t<a href=\"#\" target=\"_blank\">\n\t\t\t\t\t\t<i class=\"fa fa-facebook\"><\/i>\n\t\t\t\t\t<\/a>\n\t\t\t\t<\/li><li class=\"twitter\">\n\t\t\t\t\t<a href=\"#\" target=\"_blank\">\n\t\t\t\t\t\t<i class=\"fa fa-twitter\"><\/i>\n\t\t\t\t\t<\/a>\n\t\t\t\t<\/li><li class=\"pinterest\">\n\t\t\t\t\t<a href=\"#\" target=\"_blank\">\n\t\t\t\t\t\t<i class=\"fa fa-pinterest\"><\/i>\n\t\t\t\t\t<\/a>\n\t\t\t\t<\/li><li class=\"linkedin\">\n\t\t\t\t\t<a href=\"#\" target=\"_blank\">\n\t\t\t\t\t\t<i class=\"fa fa-linkedin\"><\/i>\n\t\t\t\t\t<\/a>\n\t\t\t\t<\/li>\n\t\t\t\t\t\t<\/ul>\n\t\t\t\t\t<\/div>\n\t\t\t<\/div>[\/vc_column_inner][vc_column_inner width=&#8221;1\/4&#8243;]<div class=\"fh-team  style-1\">\n\t\t\t\t<div class=\"team-member\">\n\t\t\t\t\t<div class=\"overlay\" style=\"background-color:rgba(4,25,43,0.77)\"><\/div>\n\t\t\t\t\t<img decoding=\"async\" class=\"\" src=\"https:\/\/akaray.com.tr\/wp-content\/uploads\/2017\/04\/team2-270x240.jpg\" width=\"270\" height=\"240\" alt=\"team2\" title=\"team2\" loading=\"lazy\" \/>\n\t\t\t\t<\/div>\n\t\t\t\t<div class=\"info\">\n\t\t\t\t\t<h4 class=\"name\">Jacob Serina<\/h4>\n\t\t\t\t\t<span class=\"job\">Chemical Research<\/span>\n\t\t\t\t\t<p>Duty the obligations of business it our frequently there anyone.<\/p>\n\t\t\t\t<\/div>\n\t\t\t\t<div class=\"socials\">\n\t\t\t\t\t\t<ul class=\"list-social clearfix\">\n\t\t\t\t\t\t\t<li class=\"facebook\">\n\t\t\t\t\t<a href=\"#\" target=\"_blank\">\n\t\t\t\t\t\t<i class=\"fa fa-facebook\"><\/i>\n\t\t\t\t\t<\/a>\n\t\t\t\t<\/li><li class=\"twitter\">\n\t\t\t\t\t<a href=\"#\" target=\"_blank\">\n\t\t\t\t\t\t<i class=\"fa fa-twitter\"><\/i>\n\t\t\t\t\t<\/a>\n\t\t\t\t<\/li><li class=\"pinterest\">\n\t\t\t\t\t<a href=\"#\" target=\"_blank\">\n\t\t\t\t\t\t<i class=\"fa fa-pinterest\"><\/i>\n\t\t\t\t\t<\/a>\n\t\t\t\t<\/li><li class=\"linkedin\">\n\t\t\t\t\t<a href=\"#\" target=\"_blank\">\n\t\t\t\t\t\t<i class=\"fa fa-linkedin\"><\/i>\n\t\t\t\t\t<\/a>\n\t\t\t\t<\/li>\n\t\t\t\t\t\t<\/ul>\n\t\t\t\t\t<\/div>\n\t\t\t<\/div>[\/vc_column_inner][vc_column_inner width=&#8221;1\/4&#8243;]<div class=\"fh-team  style-1\">\n\t\t\t\t<div class=\"team-member\">\n\t\t\t\t\t<div class=\"overlay\" style=\"background-color:rgba(4,25,43,0.77)\"><\/div>\n\t\t\t\t\t<img decoding=\"async\" class=\"\" src=\"https:\/\/akaray.com.tr\/wp-content\/uploads\/2017\/04\/team5-270x240.jpg\" width=\"270\" height=\"240\" alt=\"team5\" title=\"team5\" loading=\"lazy\" \/>\n\t\t\t\t<\/div>\n\t\t\t\t<div class=\"info\">\n\t\t\t\t\t<h4 class=\"name\">Rebecca Garza<\/h4>\n\t\t\t\t\t<span class=\"job\">Customer Relation<\/span>\n\t\t\t\t\t<p>Power of choices is untrams melled ut and when nothing great explorer.<\/p>\n\t\t\t\t<\/div>\n\t\t\t\t<div class=\"socials\">\n\t\t\t\t\t\t<ul class=\"list-social clearfix\">\n\t\t\t\t\t\t\t<li class=\"facebook\">\n\t\t\t\t\t<a href=\"#\" target=\"_blank\">\n\t\t\t\t\t\t<i class=\"fa fa-facebook\"><\/i>\n\t\t\t\t\t<\/a>\n\t\t\t\t<\/li><li class=\"twitter\">\n\t\t\t\t\t<a href=\"#\" target=\"_blank\">\n\t\t\t\t\t\t<i class=\"fa fa-twitter\"><\/i>\n\t\t\t\t\t<\/a>\n\t\t\t\t<\/li><li class=\"pinterest\">\n\t\t\t\t\t<a href=\"#\" target=\"_blank\">\n\t\t\t\t\t\t<i class=\"fa fa-pinterest\"><\/i>\n\t\t\t\t\t<\/a>\n\t\t\t\t<\/li><li class=\"linkedin\">\n\t\t\t\t\t<a href=\"#\" target=\"_blank\">\n\t\t\t\t\t\t<i class=\"fa fa-linkedin\"><\/i>\n\t\t\t\t\t<\/a>\n\t\t\t\t<\/li>\n\t\t\t\t\t\t<\/ul>\n\t\t\t\t\t<\/div>\n\t\t\t<\/div>[\/vc_column_inner][\/vc_row_inner][\/vc_column][\/vc_row][vc_row disable_element=&#8221;yes&#8221; css=&#8221;.vc_custom_1718291438606{padding-top: 80px !important;padding-bottom: 80px !important;background-color: #f7f7f7 !important;}&#8221; el_class=&#8221;partner-dark&#8221;][vc_column]<div class=\"fh-partner clearfix \">\n\t\t\t\t<div class=\"list-item\"><div class=\"partner-item\">\n\t\t\t\t\t\t\t<div class=\"partner-content\"><a href=\"#\" target=\"_blank\" ><img decoding=\"async\" alt=\"2722\"  src=\"https:\/\/akaray.com.tr\/wp-content\/uploads\/2017\/04\/logo-1.png\"><\/a><\/div>\n\t\t\t\t\t\t<\/div><div class=\"partner-item\">\n\t\t\t\t\t\t\t<div class=\"partner-content\"><a href=\"#\" target=\"_blank\" ><img decoding=\"async\" alt=\"2723\"  src=\"https:\/\/akaray.com.tr\/wp-content\/uploads\/2017\/04\/logo-2.png\"><\/a><\/div>\n\t\t\t\t\t\t<\/div><div class=\"partner-item\">\n\t\t\t\t\t\t\t<div class=\"partner-content\"><a href=\"#\" target=\"_blank\" ><img decoding=\"async\" alt=\"2724\"  src=\"https:\/\/akaray.com.tr\/wp-content\/uploads\/2017\/04\/logo-3.png\"><\/a><\/div>\n\t\t\t\t\t\t<\/div><div class=\"partner-item\">\n\t\t\t\t\t\t\t<div class=\"partner-content\"><a href=\"#\" target=\"_blank\" ><img decoding=\"async\" alt=\"2725\"  src=\"https:\/\/akaray.com.tr\/wp-content\/uploads\/2017\/04\/logo-4.png\"><\/a><\/div>\n\t\t\t\t\t\t<\/div><div class=\"partner-item\">\n\t\t\t\t\t\t\t<div class=\"partner-content\"><a href=\"#\" target=\"_blank\" ><img decoding=\"async\" alt=\"2726\"  src=\"https:\/\/akaray.com.tr\/wp-content\/uploads\/2017\/04\/logo-5.png\"><\/a><\/div>\n\t\t\t\t\t\t<\/div><\/div>\n\t\t\t<\/div>[\/vc_column][\/vc_row]<\/p>\n<\/div>","protected":false},"excerpt":{"rendered":"<p>[vc_row css=&#8221;.vc_custom_1490586960070{padding-top: 80px !important;padding-bottom: 70px !important;}&#8221;][vc_column][vc_column_text css=&#8221;.vc_custom_1718291395373{padding-bottom: 30px !important;}&#8221;] Arazi Toplula\u015ft\u0131rmas\u0131 ve Tarla \u0130\u00e7i Geli\u015ftirme B\u00f6lgesel tar\u0131msal faaliyetleri destekleyen ve&hellip;<\/p>\n","protected":false},"author":3,"featured_media":0,"parent":0,"menu_order":0,"comment_status":"closed","ping_status":"closed","template":"template-fullwidth.php","meta":{"footnotes":""},"class_list":["post-196","page","type-page","status-publish","hentry","no-thumb"],"_links":{"self":[{"href":"https:\/\/akaray.com.tr\/index.php\/wp-json\/wp\/v2\/pages\/196","targetHints":{"allow":["GET"]}}],"collection":[{"href":"https:\/\/akaray.com.tr\/index.php\/wp-json\/wp\/v2\/pages"}],"about":[{"href":"https:\/\/akaray.com.tr\/index.php\/wp-json\/wp\/v2\/types\/page"}],"author":[{"embeddable":true,"href":"https:\/\/akaray.com.tr\/index.php\/wp-json\/wp\/v2\/users\/3"}],"replies":[{"embeddable":true,"href":"https:\/\/akaray.com.tr\/index.php\/wp-json\/wp\/v2\/comments?post=196"}],"version-history":[{"count":9,"href":"https:\/\/akaray.com.tr\/index.php\/wp-json\/wp\/v2\/pages\/196\/revisions"}],"predecessor-version":[{"id":3054,"href":"https:\/\/akaray.com.tr\/index.php\/wp-json\/wp\/v2\/pages\/196\/revisions\/3054"}],"wp:attachment":[{"href":"https:\/\/akaray.com.tr\/index.php\/wp-json\/wp\/v2\/media?parent=196"}],"curies":[{"name":"wp","href":"https:\/\/api.w.org\/{rel}","templated":true}]}}